{"id":1718,"date":"2024-07-25T12:44:39","date_gmt":"2024-07-25T18:44:39","guid":{"rendered":"https:\/\/web.farcosa.com.ni\/?post_type=product&#038;p=1718"},"modified":"2024-07-25T12:44:39","modified_gmt":"2024-07-25T18:44:39","slug":"ucon-4","status":"publish","type":"product","link":"https:\/\/web.farcosa.com.ni\/?product=ucon-4","title":{"rendered":"Ucon 4"},"content":{"rendered":"","protected":false},"excerpt":{"rendered":"<p>Montelukast S\u00f3dico<br \/>\nPresentaci\u00f3n: Caja x 30 Tabletas Masticables.<br \/>\nIndicaci\u00f3n: Tratamiento cr\u00f3nico y preventivo del asma bronquial y rinitis al\u00e9rgica en ni\u00f1os de 2 a 6 a\u00f1os y \/ 6 a\u00f1os a 12 a\u00f1os.<\/p>\n","protected":false},"featured_media":1720,"template":"","meta":{"site-sidebar-layout":"default","site-content-layout":"","ast-site-content-layout":"default","site-content-style":"default","site-sidebar-style":"default","ast-global-header-display":"","ast-banner-title-visibility":"","ast-main-header-display":"","ast-hfb-above-header-display":"","ast-hfb-below-header-display":"","ast-hfb-mobile-header-display":"","site-post-title":"","ast-breadcrumbs-content":"","ast-featured-img":"","footer-sml-layout":"","theme-transparent-header-meta":"default","adv-header-id-meta":"","stick-header-meta":"","header-above-stick-meta":"","header-main-stick-meta":"","header-below-stick-meta":"","astra-migrate-meta-layouts":"set","ast-page-background-enabled":"default","ast-page-background-meta":{"desktop":{"background-color":"var(--ast-global-color-4)","background-image":"","background-repeat":"repeat","background-position":"center center","background-size":"auto","background-attachment":"scroll","background-type":"","background-media":"","overlay-type":"","overlay-color":"","overlay-opacity":"","overlay-gradient":""},"tablet":{"background-color":"","background-image":"","background-repeat":"repeat","background-position":"center center","background-size":"auto","background-attachment":"scroll","background-type":"","background-media":"","overlay-type":"","overlay-color":"","overlay-opacity":"","overlay-gradient":""},"mobile":{"background-color":"","background-image":"","background-repeat":"repeat","background-position":"center center","background-size":"auto","background-attachment":"scroll","background-type":"","background-media":"","overlay-type":"","overlay-color":"","overlay-opacity":"","overlay-gradient":""}},"ast-content-background-meta":{"desktop":{"background-color":"var(--ast-global-color-5)","background-image":"","background-repeat":"repeat","background-position":"center center","background-size":"auto","background-attachment":"scroll","background-type":"","background-media":"","overlay-type":"","overlay-color":"","overlay-opacity":"","overlay-gradient":""},"tablet":{"background-color":"var(--ast-global-color-5)","background-image":"","background-repeat":"repeat","background-position":"center center","background-size":"auto","background-attachment":"scroll","background-type":"","background-media":"","overlay-type":"","overlay-color":"","overlay-opacity":"","overlay-gradient":""},"mobile":{"background-color":"var(--ast-global-color-5)","background-image":"","background-repeat":"repeat","background-position":"center center","background-size":"auto","background-attachment":"scroll","background-type":"","background-media":"","overlay-type":"","overlay-color":"","overlay-opacity":"","overlay-gradient":""}}},"product_cat":[58,32],"product_tag":[],"class_list":{"0":"post-1718","1":"product","2":"type-product","3":"status-publish","4":"has-post-thumbnail","6":"product_cat-antileucotrieno","7":"product_cat-farmacos","8":"desktop-align-left","9":"tablet-align-left","10":"mobile-align-left","12":"first","13":"instock","14":"shipping-taxable","15":"product-type-simple"},"_links":{"self":[{"href":"https:\/\/web.farcosa.com.ni\/index.php?rest_route=\/wp\/v2\/product\/1718","targetHints":{"allow":["GET"]}}],"collection":[{"href":"https:\/\/web.farcosa.com.ni\/index.php?rest_route=\/wp\/v2\/product"}],"about":[{"href":"https:\/\/web.farcosa.com.ni\/index.php?rest_route=\/wp\/v2\/types\/product"}],"version-history":[{"count":1,"href":"https:\/\/web.farcosa.com.ni\/index.php?rest_route=\/wp\/v2\/product\/1718\/revisions"}],"predecessor-version":[{"id":1725,"href":"https:\/\/web.farcosa.com.ni\/index.php?rest_route=\/wp\/v2\/product\/1718\/revisions\/1725"}],"wp:featuredmedia":[{"embeddable":true,"href":"https:\/\/web.farcosa.com.ni\/index.php?rest_route=\/wp\/v2\/media\/1720"}],"wp:attachment":[{"href":"https:\/\/web.farcosa.com.ni\/index.php?rest_route=%2Fwp%2Fv2%2Fmedia&parent=1718"}],"wp:term":[{"taxonomy":"product_cat","embeddable":true,"href":"https:\/\/web.farcosa.com.ni\/index.php?rest_route=%2Fwp%2Fv2%2Fproduct_cat&post=1718"},{"taxonomy":"product_tag","embeddable":true,"href":"https:\/\/web.farcosa.com.ni\/index.php?rest_route=%2Fwp%2Fv2%2Fproduct_tag&post=1718"}],"curies":[{"name":"wp","href":"https:\/\/api.w.org\/{rel}","templated":true}]}}