{"id":1501,"date":"2024-07-24T22:56:15","date_gmt":"2024-07-25T04:56:15","guid":{"rendered":"https:\/\/web.farcosa.com.ni\/?post_type=product&#038;p=1501"},"modified":"2024-07-24T22:56:15","modified_gmt":"2024-07-25T04:56:15","slug":"after-sun-lotion-2-en-1","status":"publish","type":"product","link":"https:\/\/web.farcosa.com.ni\/?product=after-sun-lotion-2-en-1","title":{"rendered":"After sun lotion 2 en 1"},"content":{"rendered":"","protected":false},"excerpt":{"rendered":"<p>Presentaci\u00f3n: Frasco x 30mL\/50mL\/100mL<br \/>\nIndicaci\u00f3n: Proporciona a la piel una protecci\u00f3n \u00f3ptima contra los insectos y humecta la piel despu\u00e9s de exposici\u00f3n al sol.<\/p>\n","protected":false},"featured_media":1502,"template":"","meta":{"site-sidebar-layout":"default","site-content-layout":"","ast-site-content-layout":"default","site-content-style":"default","site-sidebar-style":"default","ast-global-header-display":"","ast-banner-title-visibility":"","ast-main-header-display":"","ast-hfb-above-header-display":"","ast-hfb-below-header-display":"","ast-hfb-mobile-header-display":"","site-post-title":"","ast-breadcrumbs-content":"","ast-featured-img":"","footer-sml-layout":"","theme-transparent-header-meta":"default","adv-header-id-meta":"","stick-header-meta":"","header-above-stick-meta":"","header-main-stick-meta":"","header-below-stick-meta":"","astra-migrate-meta-layouts":"set","ast-page-background-enabled":"default","ast-page-background-meta":{"desktop":{"background-color":"var(--ast-global-color-4)","background-image":"","background-repeat":"repeat","background-position":"center center","background-size":"auto","background-attachment":"scroll","background-type":"","background-media":"","overlay-type":"","overlay-color":"","overlay-opacity":"","overlay-gradient":""},"tablet":{"background-color":"","background-image":"","background-repeat":"repeat","background-position":"center center","background-size":"auto","background-attachment":"scroll","background-type":"","background-media":"","overlay-type":"","overlay-color":"","overlay-opacity":"","overlay-gradient":""},"mobile":{"background-color":"","background-image":"","background-repeat":"repeat","background-position":"center center","background-size":"auto","background-attachment":"scroll","background-type":"","background-media":"","overlay-type":"","overlay-color":"","overlay-opacity":"","overlay-gradient":""}},"ast-content-background-meta":{"desktop":{"background-color":"var(--ast-global-color-5)","background-image":"","background-repeat":"repeat","background-position":"center center","background-size":"auto","background-attachment":"scroll","background-type":"","background-media":"","overlay-type":"","overlay-color":"","overlay-opacity":"","overlay-gradient":""},"tablet":{"background-color":"var(--ast-global-color-5)","background-image":"","background-repeat":"repeat","background-position":"center center","background-size":"auto","background-attachment":"scroll","background-type":"","background-media":"","overlay-type":"","overlay-color":"","overlay-opacity":"","overlay-gradient":""},"mobile":{"background-color":"var(--ast-global-color-5)","background-image":"","background-repeat":"repeat","background-position":"center center","background-size":"auto","background-attachment":"scroll","background-type":"","background-media":"","overlay-type":"","overlay-color":"","overlay-opacity":"","overlay-gradient":""}}},"product_cat":[32,54],"product_tag":[],"class_list":{"0":"post-1501","1":"product","2":"type-product","3":"status-publish","4":"has-post-thumbnail","6":"product_cat-farmacos","7":"product_cat-repelentes","8":"desktop-align-left","9":"tablet-align-left","10":"mobile-align-left","12":"first","13":"instock","14":"shipping-taxable","15":"product-type-simple"},"_links":{"self":[{"href":"https:\/\/web.farcosa.com.ni\/index.php?rest_route=\/wp\/v2\/product\/1501","targetHints":{"allow":["GET"]}}],"collection":[{"href":"https:\/\/web.farcosa.com.ni\/index.php?rest_route=\/wp\/v2\/product"}],"about":[{"href":"https:\/\/web.farcosa.com.ni\/index.php?rest_route=\/wp\/v2\/types\/product"}],"version-history":[{"count":1,"href":"https:\/\/web.farcosa.com.ni\/index.php?rest_route=\/wp\/v2\/product\/1501\/revisions"}],"predecessor-version":[{"id":1507,"href":"https:\/\/web.farcosa.com.ni\/index.php?rest_route=\/wp\/v2\/product\/1501\/revisions\/1507"}],"wp:featuredmedia":[{"embeddable":true,"href":"https:\/\/web.farcosa.com.ni\/index.php?rest_route=\/wp\/v2\/media\/1502"}],"wp:attachment":[{"href":"https:\/\/web.farcosa.com.ni\/index.php?rest_route=%2Fwp%2Fv2%2Fmedia&parent=1501"}],"wp:term":[{"taxonomy":"product_cat","embeddable":true,"href":"https:\/\/web.farcosa.com.ni\/index.php?rest_route=%2Fwp%2Fv2%2Fproduct_cat&post=1501"},{"taxonomy":"product_tag","embeddable":true,"href":"https:\/\/web.farcosa.com.ni\/index.php?rest_route=%2Fwp%2Fv2%2Fproduct_tag&post=1501"}],"curies":[{"name":"wp","href":"https:\/\/api.w.org\/{rel}","templated":true}]}}