{"id":1273,"date":"2024-07-24T16:10:21","date_gmt":"2024-07-24T22:10:21","guid":{"rendered":"https:\/\/web.farcosa.com.ni\/?post_type=product&#038;p=1273"},"modified":"2024-07-24T16:10:21","modified_gmt":"2024-07-24T22:10:21","slug":"kelac-ag-10","status":"publish","type":"product","link":"https:\/\/web.farcosa.com.ni\/?product=kelac-ag-10","title":{"rendered":"Kelac-AG 10"},"content":{"rendered":"","protected":false},"excerpt":{"rendered":"<p>Ketorolaco Trometamina 10 mg<br \/>\nTableta Recubierta<br \/>\nPresentaci\u00f3n: Caja x 10 tabletas recubiertas con pel\u00edcula USP.<br \/>\nIndicaci\u00f3n: Tratamiento del dolor agudo y cr\u00f3nico de localizaci\u00f3n osteo-articular<\/p>\n","protected":false},"featured_media":1279,"template":"","meta":{"site-sidebar-layout":"default","site-content-layout":"","ast-site-content-layout":"default","site-content-style":"default","site-sidebar-style":"default","ast-global-header-display":"","ast-banner-title-visibility":"","ast-main-header-display":"","ast-hfb-above-header-display":"","ast-hfb-below-header-display":"","ast-hfb-mobile-header-display":"","site-post-title":"","ast-breadcrumbs-content":"","ast-featured-img":"","footer-sml-layout":"","theme-transparent-header-meta":"default","adv-header-id-meta":"","stick-header-meta":"","header-above-stick-meta":"","header-main-stick-meta":"","header-below-stick-meta":"","astra-migrate-meta-layouts":"set","ast-page-background-enabled":"default","ast-page-background-meta":{"desktop":{"background-color":"var(--ast-global-color-4)","background-image":"","background-repeat":"repeat","background-position":"center center","background-size":"auto","background-attachment":"scroll","background-type":"","background-media":"","overlay-type":"","overlay-color":"","overlay-opacity":"","overlay-gradient":""},"tablet":{"background-color":"","background-image":"","background-repeat":"repeat","background-position":"center center","background-size":"auto","background-attachment":"scroll","background-type":"","background-media":"","overlay-type":"","overlay-color":"","overlay-opacity":"","overlay-gradient":""},"mobile":{"background-color":"","background-image":"","background-repeat":"repeat","background-position":"center center","background-size":"auto","background-attachment":"scroll","background-type":"","background-media":"","overlay-type":"","overlay-color":"","overlay-opacity":"","overlay-gradient":""}},"ast-content-background-meta":{"desktop":{"background-color":"var(--ast-global-color-5)","background-image":"","background-repeat":"repeat","background-position":"center center","background-size":"auto","background-attachment":"scroll","background-type":"","background-media":"","overlay-type":"","overlay-color":"","overlay-opacity":"","overlay-gradient":""},"tablet":{"background-color":"var(--ast-global-color-5)","background-image":"","background-repeat":"repeat","background-position":"center center","background-size":"auto","background-attachment":"scroll","background-type":"","background-media":"","overlay-type":"","overlay-color":"","overlay-opacity":"","overlay-gradient":""},"mobile":{"background-color":"var(--ast-global-color-5)","background-image":"","background-repeat":"repeat","background-position":"center center","background-size":"auto","background-attachment":"scroll","background-type":"","background-media":"","overlay-type":"","overlay-color":"","overlay-opacity":"","overlay-gradient":""}}},"product_cat":[34,32],"product_tag":[],"class_list":{"0":"post-1273","1":"product","2":"type-product","3":"status-publish","4":"has-post-thumbnail","6":"product_cat-analgesicos","7":"product_cat-farmacos","8":"desktop-align-left","9":"tablet-align-left","10":"mobile-align-left","12":"first","13":"instock","14":"shipping-taxable","15":"product-type-simple"},"_links":{"self":[{"href":"https:\/\/web.farcosa.com.ni\/index.php?rest_route=\/wp\/v2\/product\/1273","targetHints":{"allow":["GET"]}}],"collection":[{"href":"https:\/\/web.farcosa.com.ni\/index.php?rest_route=\/wp\/v2\/product"}],"about":[{"href":"https:\/\/web.farcosa.com.ni\/index.php?rest_route=\/wp\/v2\/types\/product"}],"version-history":[{"count":1,"href":"https:\/\/web.farcosa.com.ni\/index.php?rest_route=\/wp\/v2\/product\/1273\/revisions"}],"predecessor-version":[{"id":1280,"href":"https:\/\/web.farcosa.com.ni\/index.php?rest_route=\/wp\/v2\/product\/1273\/revisions\/1280"}],"wp:featuredmedia":[{"embeddable":true,"href":"https:\/\/web.farcosa.com.ni\/index.php?rest_route=\/wp\/v2\/media\/1279"}],"wp:attachment":[{"href":"https:\/\/web.farcosa.com.ni\/index.php?rest_route=%2Fwp%2Fv2%2Fmedia&parent=1273"}],"wp:term":[{"taxonomy":"product_cat","embeddable":true,"href":"https:\/\/web.farcosa.com.ni\/index.php?rest_route=%2Fwp%2Fv2%2Fproduct_cat&post=1273"},{"taxonomy":"product_tag","embeddable":true,"href":"https:\/\/web.farcosa.com.ni\/index.php?rest_route=%2Fwp%2Fv2%2Fproduct_tag&post=1273"}],"curies":[{"name":"wp","href":"https:\/\/api.w.org\/{rel}","templated":true}]}}